{"id":2863,"date":"2024-06-14T18:51:49","date_gmt":"2024-06-14T18:51:49","guid":{"rendered":"https:\/\/lixoverde.com.br\/?page_id=2863"},"modified":"2024-07-03T19:29:19","modified_gmt":"2024-07-03T19:29:19","slug":"plano-de-integridade-e-compliance","status":"publish","type":"page","link":"https:\/\/lixoverde.com.br\/en\/plano-de-integridade-e-compliance\/","title":{"rendered":"Plano de Integridade e Compliance &#8211; Lixo Verde\u00ae"},"content":{"rendered":"<div data-elementor-type=\"wp-page\" data-elementor-id=\"2863\" class=\"elementor elementor-2863\" data-elementor-settings=\"{&quot;ha_cmc_init_switcher&quot;:&quot;no&quot;}\" data-elementor-post-type=\"page\">\n\t\t\t\t<div class=\"elementor-element elementor-element-0e1941e e-con-full e-flex e-con e-parent\" data-id=\"0e1941e\" data-element_type=\"container\" data-settings=\"{&quot;_ha_eqh_enable&quot;:false}\">\n\t\t\t\t<div class=\"elementor-element elementor-element-f448261 elementor-widget elementor-widget-heading\" data-id=\"f448261\" data-element_type=\"widget\" data-widget_type=\"heading.default\">\n\t\t\t\t<div class=\"elementor-widget-container\">\n\t\t\t\t\t<h2 class=\"elementor-heading-title elementor-size-default\">Integrity and Compliance Plan<\/h2>\t\t\t\t<\/div>\n\t\t\t\t<\/div>\n\t\t\t\t<div class=\"elementor-element elementor-element-201dcbe elementor-widget elementor-widget-text-editor\" data-id=\"201dcbe\" data-element_type=\"widget\" data-widget_type=\"text-editor.default\">\n\t\t\t\t<div class=\"elementor-widget-container\">\n\t\t\t\t\t\t\t\t\t<p>A Lixo Verde\u00ae, empresa brasileira especializada em novas tecnologias para o tratamento de res\u00edduos e gera\u00e7\u00e3o de combust\u00edveis e energia el\u00e9trica renov\u00e1veis, e fortemente comprometida com a inova\u00e7\u00e3o e a transforma\u00e7\u00e3o positiva de nossos parceiros e colaboradores, apresenta seu Plano de Integridade e Compliance, que abrange os aspectos fundamentais de integridade, \u00e9tica e compliance, refletindo os valores e compromissos corporativos. O acesso do p\u00fablico a este plano visa demonstrar nossa <br \/>transpar\u00eancia, responsabilidade e o claro compromisso com a conduta \u00e9tica e legal em todas as suas opera\u00e7\u00f5es.<\/p>\t\t\t\t\t\t\t\t<\/div>\n\t\t\t\t<\/div>\n\t\t<div class=\"elementor-element elementor-element-f663b12 e-flex e-con-boxed e-con e-child\" data-id=\"f663b12\" data-element_type=\"container\" data-settings=\"{&quot;_ha_eqh_enable&quot;:false}\">\n\t\t\t\t\t<div class=\"e-con-inner\">\n\t\t\t\t<div class=\"elementor-element elementor-element-22e38c6 elementor-widget elementor-widget-heading\" data-id=\"22e38c6\" data-element_type=\"widget\" data-widget_type=\"heading.default\">\n\t\t\t\t<div class=\"elementor-widget-container\">\n\t\t\t\t\t<h3 class=\"elementor-heading-title elementor-size-default\">1. Compromisso da Alta Dire\u00e7\u00e3o<\/h3>\t\t\t\t<\/div>\n\t\t\t\t<\/div>\n\t\t\t\t<div class=\"elementor-element elementor-element-e6fa376 elementor-widget elementor-widget-text-editor\" data-id=\"e6fa376\" data-element_type=\"widget\" data-widget_type=\"text-editor.default\">\n\t\t\t\t<div class=\"elementor-widget-container\">\n\t\t\t\t\t\t\t\t\t<p>Reafirmar o compromisso da Alta Dire\u00e7\u00e3o com a integridade, transpar\u00eancia e \u00e9tica em todas as opera\u00e7\u00f5es.<\/p><p>Designar um Comit\u00ea de \u00c9tica e Compliance para supervisionar a implementa\u00e7\u00e3o e execu\u00e7\u00e3o do Plano de Integridade e Compliance.<\/p>\t\t\t\t\t\t\t\t<\/div>\n\t\t\t\t<\/div>\n\t\t\t\t\t<\/div>\n\t\t\t\t<\/div>\n\t\t<div class=\"elementor-element elementor-element-a6224db e-flex e-con-boxed e-con e-child\" data-id=\"a6224db\" data-element_type=\"container\" data-settings=\"{&quot;_ha_eqh_enable&quot;:false}\">\n\t\t\t\t\t<div class=\"e-con-inner\">\n\t\t\t\t<div class=\"elementor-element elementor-element-7b0cb5e elementor-widget elementor-widget-heading\" data-id=\"7b0cb5e\" data-element_type=\"widget\" data-widget_type=\"heading.default\">\n\t\t\t\t<div class=\"elementor-widget-container\">\n\t\t\t\t\t<h3 class=\"elementor-heading-title elementor-size-default\">2. Avalia\u00e7\u00e3o de Riscos\n<\/h3>\t\t\t\t<\/div>\n\t\t\t\t<\/div>\n\t\t\t\t<div class=\"elementor-element elementor-element-01d6573 elementor-widget elementor-widget-text-editor\" data-id=\"01d6573\" data-element_type=\"widget\" data-widget_type=\"text-editor.default\">\n\t\t\t\t<div class=\"elementor-widget-container\">\n\t\t\t\t\t\t\t\t\t<p>Realizar uma avalia\u00e7\u00e3o abrangente dos riscos \u00e9ticos, legais e de compliance associados \u00e0s opera\u00e7\u00f5es da empresa.<\/p><p>Identificar e priorizar \u00e1reas de alto risco que exigem aten\u00e7\u00e3o especial.<\/p>\t\t\t\t\t\t\t\t<\/div>\n\t\t\t\t<\/div>\n\t\t\t\t\t<\/div>\n\t\t\t\t<\/div>\n\t\t<div class=\"elementor-element elementor-element-0a90931 e-flex e-con-boxed e-con e-child\" data-id=\"0a90931\" data-element_type=\"container\" data-settings=\"{&quot;_ha_eqh_enable&quot;:false}\">\n\t\t\t\t\t<div class=\"e-con-inner\">\n\t\t\t\t<div class=\"elementor-element elementor-element-1584b1c elementor-widget elementor-widget-heading\" data-id=\"1584b1c\" data-element_type=\"widget\" data-widget_type=\"heading.default\">\n\t\t\t\t<div class=\"elementor-widget-container\">\n\t\t\t\t\t<h3 class=\"elementor-heading-title elementor-size-default\">3. Pol\u00edticas e Procedimentos<\/h3>\t\t\t\t<\/div>\n\t\t\t\t<\/div>\n\t\t\t\t<div class=\"elementor-element elementor-element-07ad7e3 elementor-widget elementor-widget-text-editor\" data-id=\"07ad7e3\" data-element_type=\"widget\" data-widget_type=\"text-editor.default\">\n\t\t\t\t<div class=\"elementor-widget-container\">\n\t\t\t\t\t\t\t\t\t<p>Desenvolver e atualizar pol\u00edticas e procedimentos claros e abrangentes, que abordem todas as \u00e1reas do <a href=\"https:\/\/lixoverde.com.br\/en\/codigo-de-etica\/\"><strong>Code of Ethics and Conduct<\/strong><\/a>.<\/p><p>Garantir que as pol\u00edticas sejam comunicadas, compreendidas e adotadas por todos os <br \/>colaboradores.<\/p>\t\t\t\t\t\t\t\t<\/div>\n\t\t\t\t<\/div>\n\t\t\t\t\t<\/div>\n\t\t\t\t<\/div>\n\t\t<div class=\"elementor-element elementor-element-ae729f3 e-flex e-con-boxed e-con e-child\" data-id=\"ae729f3\" data-element_type=\"container\" data-settings=\"{&quot;_ha_eqh_enable&quot;:false}\">\n\t\t\t\t\t<div class=\"e-con-inner\">\n\t\t\t\t<div class=\"elementor-element elementor-element-3d87c8b elementor-widget elementor-widget-heading\" data-id=\"3d87c8b\" data-element_type=\"widget\" data-widget_type=\"heading.default\">\n\t\t\t\t<div class=\"elementor-widget-container\">\n\t\t\t\t\t<h3 class=\"elementor-heading-title elementor-size-default\">4. Treinamento e Conscientiza\u00e7\u00e3o\n<\/h3>\t\t\t\t<\/div>\n\t\t\t\t<\/div>\n\t\t\t\t<div class=\"elementor-element elementor-element-e5a3e0e elementor-widget elementor-widget-text-editor\" data-id=\"e5a3e0e\" data-element_type=\"widget\" data-widget_type=\"text-editor.default\">\n\t\t\t\t<div class=\"elementor-widget-container\">\n\t\t\t\t\t\t\t\t\t<p>Implementar programas de treinamentos regulares sobre \u00e9tica, compliance e integridade para todos os colaboradores, com foco especial nas pol\u00edticas anticorrup\u00e7\u00e3o e conduta \u00e9tica.<\/p><p>Fornecer materiais educacionais e recursos para aumentar a conscientiza\u00e7\u00e3o relacionada \u00e0s quest\u00f5es de integridade e compliance.<\/p>\t\t\t\t\t\t\t\t<\/div>\n\t\t\t\t<\/div>\n\t\t\t\t\t<\/div>\n\t\t\t\t<\/div>\n\t\t<div class=\"elementor-element elementor-element-fe80c9f e-flex e-con-boxed e-con e-child\" data-id=\"fe80c9f\" data-element_type=\"container\" data-settings=\"{&quot;_ha_eqh_enable&quot;:false}\">\n\t\t\t\t\t<div class=\"e-con-inner\">\n\t\t\t\t<div class=\"elementor-element elementor-element-9e0dcba elementor-widget elementor-widget-heading\" data-id=\"9e0dcba\" data-element_type=\"widget\" data-widget_type=\"heading.default\">\n\t\t\t\t<div class=\"elementor-widget-container\">\n\t\t\t\t\t<h3 class=\"elementor-heading-title elementor-size-default\">5. Canal de Den\u00fancias<\/h3>\t\t\t\t<\/div>\n\t\t\t\t<\/div>\n\t\t\t\t<div class=\"elementor-element elementor-element-f8bba73 elementor-widget elementor-widget-text-editor\" data-id=\"f8bba73\" data-element_type=\"widget\" data-widget_type=\"text-editor.default\">\n\t\t\t\t<div class=\"elementor-widget-container\">\n\t\t\t\t\t\t\t\t\t<p>Estabelecer e promover um canal confidencial de den\u00fancias acess\u00edvel a todos os colaboradores, fornecedores e outras partes interessadas.<\/p><p>Garantir que as den\u00fancias sejam tratadas de forma s\u00e9ria, imparcial e eficaz, com investiga\u00e7\u00f5es adequadas e medidas corretivas apropriadas<\/p>\t\t\t\t\t\t\t\t<\/div>\n\t\t\t\t<\/div>\n\t\t\t\t\t<\/div>\n\t\t\t\t<\/div>\n\t\t<div class=\"elementor-element elementor-element-c1d0074 e-flex e-con-boxed e-con e-child\" data-id=\"c1d0074\" data-element_type=\"container\" data-settings=\"{&quot;_ha_eqh_enable&quot;:false}\">\n\t\t\t\t\t<div class=\"e-con-inner\">\n\t\t\t\t<div class=\"elementor-element elementor-element-8e95cf6 elementor-widget elementor-widget-heading\" data-id=\"8e95cf6\" data-element_type=\"widget\" data-widget_type=\"heading.default\">\n\t\t\t\t<div class=\"elementor-widget-container\">\n\t\t\t\t\t<h3 class=\"elementor-heading-title elementor-size-default\">6. Monitoramento e Auditoria\n<\/h3>\t\t\t\t<\/div>\n\t\t\t\t<\/div>\n\t\t\t\t<div class=\"elementor-element elementor-element-f706157 elementor-widget elementor-widget-text-editor\" data-id=\"f706157\" data-element_type=\"widget\" data-widget_type=\"text-editor.default\">\n\t\t\t\t<div class=\"elementor-widget-container\">\n\t\t\t\t\t\t\t\t\t<p>Realizar auditorias internas peri\u00f3dicas para avaliar a conformidade das pol\u00edticas e procedimentos estabelecidos.<\/p><p>Monitorar continuamente as opera\u00e7\u00f5es da empresa em busca de poss\u00edveis viola\u00e7\u00f5es ou \u00e1reas de risco<\/p>\t\t\t\t\t\t\t\t<\/div>\n\t\t\t\t<\/div>\n\t\t\t\t\t<\/div>\n\t\t\t\t<\/div>\n\t\t<div class=\"elementor-element elementor-element-775fc39 e-flex e-con-boxed e-con e-child\" data-id=\"775fc39\" data-element_type=\"container\" data-settings=\"{&quot;_ha_eqh_enable&quot;:false}\">\n\t\t\t\t\t<div class=\"e-con-inner\">\n\t\t\t\t<div class=\"elementor-element elementor-element-f929f92 elementor-widget elementor-widget-heading\" data-id=\"f929f92\" data-element_type=\"widget\" data-widget_type=\"heading.default\">\n\t\t\t\t<div class=\"elementor-widget-container\">\n\t\t\t\t\t<h3 class=\"elementor-heading-title elementor-size-default\">7. Responsabiliza\u00e7\u00e3o e Consequ\u00eancias\n<\/h3>\t\t\t\t<\/div>\n\t\t\t\t<\/div>\n\t\t\t\t<div class=\"elementor-element elementor-element-34ea5f7 elementor-widget elementor-widget-text-editor\" data-id=\"34ea5f7\" data-element_type=\"widget\" data-widget_type=\"text-editor.default\">\n\t\t\t\t<div class=\"elementor-widget-container\">\n\t\t\t\t\t\t\t\t\t<p>Estabelecer consequ\u00eancias claras e proporcionais para viola\u00e7\u00f5es do <strong><a href=\"https:\/\/lixoverde.com.br\/en\/codigo-de-etica\/\">Code of Ethics and Conduct<\/a><\/strong>, que podem incluir desde medidas disciplinares at\u00e9 a rescis\u00e3o do contrato de trabalho.<\/p>\t\t\t\t\t\t\t\t<\/div>\n\t\t\t\t<\/div>\n\t\t\t\t\t<\/div>\n\t\t\t\t<\/div>\n\t\t<div class=\"elementor-element elementor-element-68f43d4 e-flex e-con-boxed e-con e-child\" data-id=\"68f43d4\" data-element_type=\"container\" data-settings=\"{&quot;_ha_eqh_enable&quot;:false}\">\n\t\t\t\t\t<div class=\"e-con-inner\">\n\t\t\t\t<div class=\"elementor-element elementor-element-49a6de2 elementor-widget elementor-widget-heading\" data-id=\"49a6de2\" data-element_type=\"widget\" data-widget_type=\"heading.default\">\n\t\t\t\t<div class=\"elementor-widget-container\">\n\t\t\t\t\t<h3 class=\"elementor-heading-title elementor-size-default\">8. Melhoria Cont\u00ednua\n<\/h3>\t\t\t\t<\/div>\n\t\t\t\t<\/div>\n\t\t\t\t<div class=\"elementor-element elementor-element-92fcf16 elementor-widget elementor-widget-text-editor\" data-id=\"92fcf16\" data-element_type=\"widget\" data-widget_type=\"text-editor.default\">\n\t\t\t\t<div class=\"elementor-widget-container\">\n\t\t\t\t\t\t\t\t\t<p>Comprometer-se coma melhoria cont\u00ednua dos processos de integridade e compliance, incorporando feedbacks, li\u00e7\u00f5es aprendidas e melhores pr\u00e1ticas.<\/p><p>Manter-se atualizado no que se refere \u00e0s mudan\u00e7as na legisla\u00e7\u00e3o e nas normas de compliance e, em sendo necess\u00e1rio, ajustar as pol\u00edticas e procedimentos internos.<\/p>\t\t\t\t\t\t\t\t<\/div>\n\t\t\t\t<\/div>\n\t\t\t\t\t<\/div>\n\t\t\t\t<\/div>\n\t\t\t\t<div class=\"elementor-element elementor-element-62a476c elementor-widget elementor-widget-text-editor\" data-id=\"62a476c\" data-element_type=\"widget\" data-widget_type=\"text-editor.default\">\n\t\t\t\t<div class=\"elementor-widget-container\">\n\t\t\t\t\t\t\t\t\t<p>Din\u00e2mico e adapt\u00e1vel, este Plano de Integridade e Compliance reflete os valores e necessidades espec\u00edficas da Lixo Verde\u00ae. O compromisso com a \u00e9tica, a transpar\u00eancia e a responsabilidade \u00e9 parte central de nossa cultura organizacional, orientando todas as nossas decis\u00f5es e a\u00e7\u00f5es<\/p><p style=\"text-align: right\">Taubat\u00e9, 12 de junho de 2024.<\/p><p style=\"text-align: right\"><strong>LUIS FERNANDO F. MARTINEZ<\/strong><br \/>CEO of Lixo Verde\u00ae<\/p>\t\t\t\t\t\t\t\t<\/div>\n\t\t\t\t<\/div>\n\t\t\t\t<\/div>\n\t\t\t\t<\/div>","protected":false},"excerpt":{"rendered":"<p>Plano de Integridade e Compliance A Lixo Verde\u00ae, empresa brasileira especializada em novas tecnologias para o tratamento de res\u00edduos e gera\u00e7\u00e3o de combust\u00edveis e energia el\u00e9trica renov\u00e1veis, e fortemente comprometida com a inova\u00e7\u00e3o e a transforma\u00e7\u00e3o positiva de nossos parceiros e colaboradores, apresenta seu Plano de Integridade e Compliance, que abrange os aspectos fundamentais de [&hellip;]<\/p>","protected":false},"author":1,"featured_media":0,"parent":0,"menu_order":0,"comment_status":"closed","ping_status":"closed","template":"","meta":{"inline_featured_image":false,"footnotes":""},"class_list":["post-2863","page","type-page","status-publish","hentry"],"yoast_head":"<!-- This site is optimized with the Yoast SEO plugin v26.4 - https:\/\/yoast.com\/wordpress\/plugins\/seo\/ -->\n<title>Plano de Integridade e Compliance - Lixo Verde\u00ae - Lixo Verde<\/title>\n<meta name=\"robots\" content=\"index, follow, max-snippet:-1, max-image-preview:large, max-video-preview:-1\" \/>\n<link rel=\"canonical\" href=\"https:\/\/lixoverde.com.br\/en\/plano-de-integridade-e-compliance\/\" \/>\n<meta property=\"og:locale\" content=\"en_US\" \/>\n<meta property=\"og:type\" content=\"article\" \/>\n<meta property=\"og:title\" content=\"Plano de Integridade e Compliance - Lixo Verde\u00ae - Lixo Verde\" \/>\n<meta property=\"og:description\" content=\"Plano de Integridade e Compliance A Lixo Verde\u00ae, empresa brasileira especializada em novas tecnologias para o tratamento de res\u00edduos e gera\u00e7\u00e3o de combust\u00edveis e energia el\u00e9trica renov\u00e1veis, e fortemente comprometida com a inova\u00e7\u00e3o e a transforma\u00e7\u00e3o positiva de nossos parceiros e colaboradores, apresenta seu Plano de Integridade e Compliance, que abrange os aspectos fundamentais de [&hellip;]\" \/>\n<meta property=\"og:url\" content=\"https:\/\/lixoverde.com.br\/en\/plano-de-integridade-e-compliance\/\" \/>\n<meta property=\"og:site_name\" content=\"Lixo Verde\" \/>\n<meta property=\"article:publisher\" content=\"https:\/\/www.facebook.com\/www.lixoverde.com.br\" \/>\n<meta property=\"article:modified_time\" content=\"2024-07-03T19:29:19+00:00\" \/>\n<meta property=\"og:image\" content=\"https:\/\/lixoverde.com.br\/wp-content\/uploads\/2024\/05\/lixo-verde-empresa-de-tratamento-de-residuos.png\" \/>\n\t<meta property=\"og:image:width\" content=\"1000\" \/>\n\t<meta property=\"og:image:height\" content=\"675\" \/>\n\t<meta property=\"og:image:type\" content=\"image\/png\" \/>\n<meta name=\"twitter:card\" content=\"summary_large_image\" \/>\n<meta name=\"twitter:label1\" content=\"Est. reading time\" \/>\n\t<meta name=\"twitter:data1\" content=\"3 minutes\" \/>\n<script type=\"application\/ld+json\" class=\"yoast-schema-graph\">{\"@context\":\"https:\/\/schema.org\",\"@graph\":[{\"@type\":\"WebPage\",\"@id\":\"https:\/\/lixoverde.com.br\/plano-de-integridade-e-compliance\/\",\"url\":\"https:\/\/lixoverde.com.br\/plano-de-integridade-e-compliance\/\",\"name\":\"Plano de Integridade e Compliance - Lixo Verde\u00ae - Lixo Verde\",\"isPartOf\":{\"@id\":\"https:\/\/lixoverde.com.br\/#website\"},\"datePublished\":\"2024-06-14T18:51:49+00:00\",\"dateModified\":\"2024-07-03T19:29:19+00:00\",\"breadcrumb\":{\"@id\":\"https:\/\/lixoverde.com.br\/plano-de-integridade-e-compliance\/#breadcrumb\"},\"inLanguage\":\"en-US\",\"potentialAction\":[{\"@type\":\"ReadAction\",\"target\":[\"https:\/\/lixoverde.com.br\/plano-de-integridade-e-compliance\/\"]}]},{\"@type\":\"BreadcrumbList\",\"@id\":\"https:\/\/lixoverde.com.br\/plano-de-integridade-e-compliance\/#breadcrumb\",\"itemListElement\":[{\"@type\":\"ListItem\",\"position\":1,\"name\":\"In\u00edcio\",\"item\":\"https:\/\/lixoverde.com.br\/\"},{\"@type\":\"ListItem\",\"position\":2,\"name\":\"Plano de Integridade e Compliance &#8211; Lixo Verde\u00ae\"}]},{\"@type\":\"WebSite\",\"@id\":\"https:\/\/lixoverde.com.br\/#website\",\"url\":\"https:\/\/lixoverde.com.br\/\",\"name\":\"Lixo Verde | Tratamento de res\u00edduos, gera\u00e7\u00e3o de combust\u00edveis e energia el\u00e9trica renov\u00e1veis\",\"description\":\"Somos uma empresa brasileira especializada em novas tecnologias para o tratamento de res\u00edduos, gera\u00e7\u00e3o de combust\u00edveis e energia el\u00e9trica renov\u00e1veis.\",\"publisher\":{\"@id\":\"https:\/\/lixoverde.com.br\/#organization\"},\"alternateName\":\"Lixo Verde - Empresa de Tratamento de Res\u00edduos\",\"potentialAction\":[{\"@type\":\"SearchAction\",\"target\":{\"@type\":\"EntryPoint\",\"urlTemplate\":\"https:\/\/lixoverde.com.br\/?s={search_term_string}\"},\"query-input\":{\"@type\":\"PropertyValueSpecification\",\"valueRequired\":true,\"valueName\":\"search_term_string\"}}],\"inLanguage\":\"en-US\"},{\"@type\":\"Organization\",\"@id\":\"https:\/\/lixoverde.com.br\/#organization\",\"name\":\"Lixo Verde\",\"url\":\"https:\/\/lixoverde.com.br\/\",\"logo\":{\"@type\":\"ImageObject\",\"inLanguage\":\"en-US\",\"@id\":\"https:\/\/lixoverde.com.br\/#\/schema\/logo\/image\/\",\"url\":\"https:\/\/lixoverde.com.br\/wp-content\/uploads\/2024\/05\/logositeoficial.png\",\"contentUrl\":\"https:\/\/lixoverde.com.br\/wp-content\/uploads\/2024\/05\/logositeoficial.png\",\"width\":318,\"height\":92,\"caption\":\"Lixo Verde\"},\"image\":{\"@id\":\"https:\/\/lixoverde.com.br\/#\/schema\/logo\/image\/\"},\"sameAs\":[\"https:\/\/www.facebook.com\/www.lixoverde.com.br\",\"https:\/\/www.instagram.com\/lixoverde\/\",\"https:\/\/www.linkedin.com\/company\/lixo-verde\"]}]}<\/script>\n<!-- \/ Yoast SEO plugin. -->","yoast_head_json":{"title":"Plano de Integridade e Compliance - Lixo Verde\u00ae - Lixo Verde","robots":{"index":"index","follow":"follow","max-snippet":"max-snippet:-1","max-image-preview":"max-image-preview:large","max-video-preview":"max-video-preview:-1"},"canonical":"https:\/\/lixoverde.com.br\/en\/plano-de-integridade-e-compliance\/","og_locale":"en_US","og_type":"article","og_title":"Plano de Integridade e Compliance - Lixo Verde\u00ae - Lixo Verde","og_description":"Plano de Integridade e Compliance A Lixo Verde\u00ae, empresa brasileira especializada em novas tecnologias para o tratamento de res\u00edduos e gera\u00e7\u00e3o de combust\u00edveis e energia el\u00e9trica renov\u00e1veis, e fortemente comprometida com a inova\u00e7\u00e3o e a transforma\u00e7\u00e3o positiva de nossos parceiros e colaboradores, apresenta seu Plano de Integridade e Compliance, que abrange os aspectos fundamentais de [&hellip;]","og_url":"https:\/\/lixoverde.com.br\/en\/plano-de-integridade-e-compliance\/","og_site_name":"Lixo Verde","article_publisher":"https:\/\/www.facebook.com\/www.lixoverde.com.br","article_modified_time":"2024-07-03T19:29:19+00:00","og_image":[{"width":1000,"height":675,"url":"https:\/\/lixoverde.com.br\/wp-content\/uploads\/2024\/05\/lixo-verde-empresa-de-tratamento-de-residuos.png","type":"image\/png"}],"twitter_card":"summary_large_image","twitter_misc":{"Est. reading time":"3 minutes"},"schema":{"@context":"https:\/\/schema.org","@graph":[{"@type":"WebPage","@id":"https:\/\/lixoverde.com.br\/plano-de-integridade-e-compliance\/","url":"https:\/\/lixoverde.com.br\/plano-de-integridade-e-compliance\/","name":"Plano de Integridade e Compliance - Lixo Verde\u00ae - Lixo Verde","isPartOf":{"@id":"https:\/\/lixoverde.com.br\/#website"},"datePublished":"2024-06-14T18:51:49+00:00","dateModified":"2024-07-03T19:29:19+00:00","breadcrumb":{"@id":"https:\/\/lixoverde.com.br\/plano-de-integridade-e-compliance\/#breadcrumb"},"inLanguage":"en-US","potentialAction":[{"@type":"ReadAction","target":["https:\/\/lixoverde.com.br\/plano-de-integridade-e-compliance\/"]}]},{"@type":"BreadcrumbList","@id":"https:\/\/lixoverde.com.br\/plano-de-integridade-e-compliance\/#breadcrumb","itemListElement":[{"@type":"ListItem","position":1,"name":"In\u00edcio","item":"https:\/\/lixoverde.com.br\/"},{"@type":"ListItem","position":2,"name":"Plano de Integridade e Compliance &#8211; Lixo Verde\u00ae"}]},{"@type":"WebSite","@id":"https:\/\/lixoverde.com.br\/#website","url":"https:\/\/lixoverde.com.br\/","name":"Lixo Verde | Tratamento de res\u00edduos, gera\u00e7\u00e3o de combust\u00edveis e energia el\u00e9trica renov\u00e1veis","description":"We are a Brazilian company specialized in new technologies for waste treatment, generation of renewable fuels and electrical energy.","publisher":{"@id":"https:\/\/lixoverde.com.br\/#organization"},"alternateName":"Lixo Verde - Empresa de Tratamento de Res\u00edduos","potentialAction":[{"@type":"SearchAction","target":{"@type":"EntryPoint","urlTemplate":"https:\/\/lixoverde.com.br\/?s={search_term_string}"},"query-input":{"@type":"PropertyValueSpecification","valueRequired":true,"valueName":"search_term_string"}}],"inLanguage":"en-US"},{"@type":"Organization","@id":"https:\/\/lixoverde.com.br\/#organization","name":"Lixo Verde","url":"https:\/\/lixoverde.com.br\/","logo":{"@type":"ImageObject","inLanguage":"en-US","@id":"https:\/\/lixoverde.com.br\/#\/schema\/logo\/image\/","url":"https:\/\/lixoverde.com.br\/wp-content\/uploads\/2024\/05\/logositeoficial.png","contentUrl":"https:\/\/lixoverde.com.br\/wp-content\/uploads\/2024\/05\/logositeoficial.png","width":318,"height":92,"caption":"Lixo Verde"},"image":{"@id":"https:\/\/lixoverde.com.br\/#\/schema\/logo\/image\/"},"sameAs":["https:\/\/www.facebook.com\/www.lixoverde.com.br","https:\/\/www.instagram.com\/lixoverde\/","https:\/\/www.linkedin.com\/company\/lixo-verde"]}]}},"_links":{"self":[{"href":"https:\/\/lixoverde.com.br\/en\/wp-json\/wp\/v2\/pages\/2863","targetHints":{"allow":["GET"]}}],"collection":[{"href":"https:\/\/lixoverde.com.br\/en\/wp-json\/wp\/v2\/pages"}],"about":[{"href":"https:\/\/lixoverde.com.br\/en\/wp-json\/wp\/v2\/types\/page"}],"author":[{"embeddable":true,"href":"https:\/\/lixoverde.com.br\/en\/wp-json\/wp\/v2\/users\/1"}],"replies":[{"embeddable":true,"href":"https:\/\/lixoverde.com.br\/en\/wp-json\/wp\/v2\/comments?post=2863"}],"version-history":[{"count":11,"href":"https:\/\/lixoverde.com.br\/en\/wp-json\/wp\/v2\/pages\/2863\/revisions"}],"predecessor-version":[{"id":3698,"href":"https:\/\/lixoverde.com.br\/en\/wp-json\/wp\/v2\/pages\/2863\/revisions\/3698"}],"wp:attachment":[{"href":"https:\/\/lixoverde.com.br\/en\/wp-json\/wp\/v2\/media?parent=2863"}],"curies":[{"name":"wp","href":"https:\/\/api.w.org\/{rel}","templated":true}]}}