{"id":183,"date":"2024-04-26T18:35:26","date_gmt":"2024-04-26T18:35:26","guid":{"rendered":"https:\/\/lixoverde.com.br\/?page_id=183"},"modified":"2025-11-14T14:03:37","modified_gmt":"2025-11-14T17:03:37","slug":"contato","status":"publish","type":"page","link":"https:\/\/lixoverde.com.br\/en\/contato\/","title":{"rendered":"Contato &#8211; Lixo Verde\u00ae"},"content":{"rendered":"<div data-elementor-type=\"wp-page\" data-elementor-id=\"183\" class=\"elementor elementor-183\" data-elementor-settings=\"{&quot;ha_cmc_init_switcher&quot;:&quot;no&quot;}\" data-elementor-post-type=\"page\">\n\t\t\t\t<div class=\"elementor-element elementor-element-6ebb5b19 e-con-full e-flex e-con e-parent\" data-id=\"6ebb5b19\" data-element_type=\"container\" data-settings=\"{&quot;background_background&quot;:&quot;classic&quot;,&quot;_ha_eqh_enable&quot;:false}\">\n\t\t<div class=\"elementor-element elementor-element-5976ad5d e-con-full e-flex e-con e-child\" data-id=\"5976ad5d\" data-element_type=\"container\" data-settings=\"{&quot;_ha_eqh_enable&quot;:false}\">\n\t\t\t\t<div class=\"elementor-element elementor-element-53ae0a8a elementor-widget__width-inherit elementor-widget elementor-widget-text-editor\" data-id=\"53ae0a8a\" data-element_type=\"widget\" data-widget_type=\"text-editor.default\">\n\t\t\t\t<div class=\"elementor-widget-container\">\n\t\t\t\t\t\t\t\t\t<div class=\"translation-block\">Get in touch<br>with Lixo Verde\u00ae!<\/div>\t\t\t\t\t\t\t\t<\/div>\n\t\t\t\t<\/div>\n\t\t\t\t<div class=\"elementor-element elementor-element-7f2722b1 elementor-widget__width-inherit elementor-widget elementor-widget-text-editor\" data-id=\"7f2722b1\" data-element_type=\"widget\" data-widget_type=\"text-editor.default\">\n\t\t\t\t<div class=\"elementor-widget-container\">\n\t\t\t\t\t\t\t\t\tLixo Verde\u00ae develops waste energy recovery projects for the public and private sector. Our solution is complete and personalized.\t\t\t\t\t\t\t\t<\/div>\n\t\t\t\t<\/div>\n\t\t\t\t<\/div>\n\t\t<div class=\"elementor-element elementor-element-3ff334b e-con-full e-flex e-con e-child\" data-id=\"3ff334b\" data-element_type=\"container\" data-settings=\"{&quot;_ha_eqh_enable&quot;:false}\">\n\t\t<div class=\"elementor-element elementor-element-1a730f0c e-con-full e-flex e-con e-child\" data-id=\"1a730f0c\" data-element_type=\"container\" data-settings=\"{&quot;_ha_eqh_enable&quot;:false}\">\n\t\t\t\t<div class=\"elementor-element elementor-element-fd25efc elementor-button-align-stretch elementor-widget elementor-widget-form\" data-id=\"fd25efc\" data-element_type=\"widget\" data-settings=\"{&quot;step_next_label&quot;:&quot;Pr\\u00f3ximo&quot;,&quot;step_previous_label&quot;:&quot;Anterior&quot;,&quot;button_width&quot;:&quot;100&quot;,&quot;step_type&quot;:&quot;number_text&quot;,&quot;step_icon_shape&quot;:&quot;circle&quot;}\" data-widget_type=\"form.default\">\n\t\t\t\t<div class=\"elementor-widget-container\">\n\t\t\t\t\t\t\t<form class=\"elementor-form\" method=\"post\" name=\"Contato\" aria-label=\"Contact\" action=\"\">\n\t\t\t<input type=\"hidden\" name=\"post_id\" value=\"183\"\/>\n\t\t\t<input type=\"hidden\" name=\"form_id\" value=\"fd25efc\"\/>\n\t\t\t<input type=\"hidden\" name=\"referer_title\" value=\"Lixo Verde\" \/>\n\n\t\t\t\n\t\t\t<div class=\"elementor-form-fields-wrapper elementor-labels-above\">\n\t\t\t\t\t\t\t\t<div class=\"elementor-field-type-text elementor-field-group elementor-column elementor-field-group-name elementor-col-100\">\n\t\t\t\t\t\t\t\t\t\t\t\t<label for=\"form-field-name\" class=\"elementor-field-label\">\n\t\t\t\t\t\t\t\tFull name\t\t\t\t\t\t\t<\/label>\n\t\t\t\t\t\t\t\t\t\t\t\t\t\t<input size=\"1\" type=\"text\" name=\"form_fields[name]\" id=\"form-field-name\" class=\"elementor-field elementor-size-sm  elementor-field-textual\" placeholder=\"Full name\">\n\t\t\t\t\t\t\t\t\t\t\t<\/div>\n\t\t\t\t\t\t\t\t<div class=\"elementor-field-type-text elementor-field-group elementor-column elementor-field-group-field_be9ed60 elementor-col-100\">\n\t\t\t\t\t\t\t\t\t\t\t\t<label for=\"form-field-field_be9ed60\" class=\"elementor-field-label\">\n\t\t\t\t\t\t\t\tCompany\t\t\t\t\t\t\t<\/label>\n\t\t\t\t\t\t\t\t\t\t\t\t\t\t<input size=\"1\" type=\"text\" name=\"form_fields[field_be9ed60]\" id=\"form-field-field_be9ed60\" class=\"elementor-field elementor-size-sm  elementor-field-textual\" placeholder=\"Company Name\">\n\t\t\t\t\t\t\t\t\t\t\t<\/div>\n\t\t\t\t\t\t\t\t<div class=\"elementor-field-type-email elementor-field-group elementor-column elementor-field-group-email elementor-col-100 elementor-field-required elementor-mark-required\">\n\t\t\t\t\t\t\t\t\t\t\t\t<label for=\"form-field-email\" class=\"elementor-field-label\">\n\t\t\t\t\t\t\t\tEmail\t\t\t\t\t\t\t<\/label>\n\t\t\t\t\t\t\t\t\t\t\t\t\t\t<input size=\"1\" type=\"email\" name=\"form_fields[email]\" id=\"form-field-email\" class=\"elementor-field elementor-size-sm  elementor-field-textual\" placeholder=\"youremail@email.com\" required=\"required\">\n\t\t\t\t\t\t\t\t\t\t\t<\/div>\n\t\t\t\t\t\t\t\t<div class=\"elementor-field-type-textarea elementor-field-group elementor-column elementor-field-group-message elementor-col-100\">\n\t\t\t\t\t\t\t\t\t\t\t\t<label for=\"form-field-message\" class=\"elementor-field-label\">\n\t\t\t\t\t\t\t\tMessage\t\t\t\t\t\t\t<\/label>\n\t\t\t\t\t\t<textarea class=\"elementor-field-textual elementor-field  elementor-size-sm\" name=\"form_fields[message]\" id=\"form-field-message\" rows=\"4\" placeholder=\"Message\"><\/textarea>\t\t\t\t<\/div>\n\t\t\t\t\t\t\t\t<div class=\"elementor-field-type-tel elementor-field-group elementor-column elementor-field-group-field_1884d8a elementor-col-100\">\n\t\t\t\t\t\t\t\t\t\t\t\t<label for=\"form-field-field_1884d8a\" class=\"elementor-field-label\">\n\t\t\t\t\t\t\t\tTelefone\t\t\t\t\t\t\t<\/label>\n\t\t\t\t\t\t\t\t<input size=\"1\" type=\"tel\" name=\"form_fields[field_1884d8a]\" id=\"form-field-field_1884d8a\" class=\"elementor-field elementor-size-sm  elementor-field-textual\" placeholder=\"Telephone number\" pattern=\"[0-9()#&amp;+*-=.]+\" title=\"Only numbers and phone characters (#, -, *, etc) are accepted.\">\n\n\t\t\t\t\t\t<\/div>\n\t\t\t\t\t\t\t\t<div class=\"elementor-field-group elementor-column elementor-field-type-submit elementor-col-100 e-form__buttons\">\n\t\t\t\t\t<button class=\"elementor-button elementor-size-sm\" type=\"submit\">\n\t\t\t\t\t\t<span class=\"elementor-button-content-wrapper\">\n\t\t\t\t\t\t\t\t\t\t\t\t\t\t\t\t\t\t\t\t\t\t<span class=\"elementor-button-text\">Enviar Mensagem<\/span>\n\t\t\t\t\t\t\t\t\t\t\t\t\t<\/span>\n\t\t\t\t\t<\/button>\n\t\t\t\t<\/div>\n\t\t\t<\/div>\n\t\t<input type=\"hidden\" name=\"trp-form-language\" value=\"en\"\/><\/form>\n\t\t\t\t\t\t<\/div>\n\t\t\t\t<\/div>\n\t\t\t\t<\/div>\n\t\t\t\t<\/div>\n\t\t\t\t<\/div>\n\t\t<div class=\"elementor-element elementor-element-54d1b81 e-con-full e-flex e-con e-parent\" data-id=\"54d1b81\" data-element_type=\"container\" data-settings=\"{&quot;_ha_eqh_enable&quot;:false}\">\n\t\t\t\t<div class=\"elementor-element elementor-element-73ea384 elementor-widget elementor-widget-google_maps\" data-id=\"73ea384\" data-element_type=\"widget\" data-widget_type=\"google_maps.default\">\n\t\t\t\t<div class=\"elementor-widget-container\">\n\t\t\t\t\t\t\t<div class=\"elementor-custom-embed\">\n\t\t\t<iframe loading=\"lazy\"\n\t\t\t\t\tsrc=\"https:\/\/maps.google.com\/maps?q=Rua%20Major%20Doutor%20Waldemar%20Furquim%2C%201243%2C%20Taubat%C3%A9.%E2%80%A8S%C3%A3o%20Paulo%20%E2%80%93%C2%A0CEP%2012045-100%2C%20Brasil&#038;t=m&#038;z=16&#038;output=embed&#038;iwloc=near\"\n\t\t\t\t\ttitle=\"Rua Major Doutor Waldemar Furquim, 1243, Taubat\u00e9.\u2028S\u00e3o Paulo \u2013\u00a0CEP 12045-100, Brasil\"\n\t\t\t\t\taria-label=\"Rua Major Doutor Waldemar Furquim, 1243, Taubat\u00e9.\u2028S\u00e3o Paulo \u2013\u00a0CEP 12045-100, Brasil\"\n\t\t\t><\/iframe>\n\t\t<\/div>\n\t\t\t\t\t\t<\/div>\n\t\t\t\t<\/div>\n\t\t<div class=\"elementor-element elementor-element-1db25fb e-con-full elementor-hidden-desktop elementor-hidden-tablet elementor-hidden-mobile e-flex e-con e-child\" data-id=\"1db25fb\" data-element_type=\"container\" data-settings=\"{&quot;background_background&quot;:&quot;classic&quot;,&quot;position&quot;:&quot;absolute&quot;,&quot;_ha_eqh_enable&quot;:false}\">\n\t\t\t\t<div class=\"elementor-element elementor-element-00e54b2 elementor-widget__width-inherit elementor-widget elementor-widget-text-editor\" data-id=\"00e54b2\" data-element_type=\"widget\" data-widget_type=\"text-editor.default\">\n\t\t\t\t<div class=\"elementor-widget-container\">\n\t\t\t\t\t\t\t\t\t<div>Lixo Verde\u00ae &#8211; Unidade Taubat\u00e9<\/div>\t\t\t\t\t\t\t\t<\/div>\n\t\t\t\t<\/div>\n\t\t\t\t<div class=\"elementor-element elementor-element-8730e73 elementor-widget__width-inherit elementor-widget elementor-widget-text-editor\" data-id=\"8730e73\" data-element_type=\"widget\" data-widget_type=\"text-editor.default\">\n\t\t\t\t<div class=\"elementor-widget-container\">\n\t\t\t\t\t\t\t\t\t<div>Rua Major Doutor Waldemar Furquim, 1243, Taubat\u00e9.\u2028S\u00e3o Paulo \u2013\u00a0CEP 12045-100, Brasil<\/div>\t\t\t\t\t\t\t\t<\/div>\n\t\t\t\t<\/div>\n\t\t<div class=\"elementor-element elementor-element-90bd542 e-con-full e-flex e-con e-child\" data-id=\"90bd542\" data-element_type=\"container\" data-settings=\"{&quot;background_background&quot;:&quot;classic&quot;,&quot;_ha_eqh_enable&quot;:false}\">\n\t\t\t\t<div class=\"elementor-element elementor-element-4934aab elementor-widget__width-auto elementor-widget elementor-widget-text-editor\" data-id=\"4934aab\" data-element_type=\"widget\" data-widget_type=\"text-editor.default\">\n\t\t\t\t<div class=\"elementor-widget-container\">\n\t\t\t\t\t\t\t\t\t<div>Como Chegar<\/div>\t\t\t\t\t\t\t\t<\/div>\n\t\t\t\t<\/div>\n\t\t\t\t<\/div>\n\t\t\t\t<\/div>\n\t\t\t\t<\/div>\n\t\t\t\t<\/div>","protected":false},"excerpt":{"rendered":"<p>Entre em contatocom a Lixo Verde\u00ae!A Lixo Verde\u00ae elabora projetos de valoriza\u00e7\u00e3o energ\u00e9tica de res\u00edduos, para o setor p\u00fablico e privado. Nossa solu\u00e7\u00e3o \u00e9 completa e personalizada. Lixo Verde\u00ae &#8211; Unidade Taubat\u00e9Rua Major Doutor Waldemar Furquim, 1243, Taubat\u00e9.\u2028S\u00e3o Paulo \u2013\u00a0CEP 12045-100, BrasilComo Chegar<\/p>","protected":false},"author":1,"featured_media":0,"parent":0,"menu_order":0,"comment_status":"closed","ping_status":"closed","template":"elementor_header_footer","meta":{"inline_featured_image":false,"footnotes":""},"class_list":["post-183","page","type-page","status-publish","hentry"],"yoast_head":"<!-- This site is optimized with the Yoast SEO plugin v26.4 - https:\/\/yoast.com\/wordpress\/plugins\/seo\/ -->\n<title>Contato - Lixo Verde\u00ae - Lixo Verde<\/title>\n<meta name=\"robots\" content=\"index, follow, max-snippet:-1, max-image-preview:large, max-video-preview:-1\" \/>\n<link rel=\"canonical\" href=\"https:\/\/lixoverde.com.br\/en\/contato\/\" \/>\n<meta property=\"og:locale\" content=\"en_US\" \/>\n<meta property=\"og:type\" content=\"article\" \/>\n<meta property=\"og:title\" content=\"Contato - Lixo Verde\u00ae - Lixo Verde\" \/>\n<meta property=\"og:description\" content=\"Entre em contatocom a Lixo Verde\u00ae!A Lixo Verde\u00ae elabora projetos de valoriza\u00e7\u00e3o energ\u00e9tica de res\u00edduos, para o setor p\u00fablico e privado. Nossa solu\u00e7\u00e3o \u00e9 completa e personalizada. Lixo Verde\u00ae &#8211; Unidade Taubat\u00e9Rua Major Doutor Waldemar Furquim, 1243, Taubat\u00e9.\u2028S\u00e3o Paulo \u2013\u00a0CEP 12045-100, BrasilComo Chegar\" \/>\n<meta property=\"og:url\" content=\"https:\/\/lixoverde.com.br\/en\/contato\/\" \/>\n<meta property=\"og:site_name\" content=\"Lixo Verde\" \/>\n<meta property=\"article:publisher\" content=\"https:\/\/www.facebook.com\/www.lixoverde.com.br\" \/>\n<meta property=\"article:modified_time\" content=\"2025-11-14T17:03:37+00:00\" \/>\n<meta property=\"og:image\" content=\"https:\/\/lixoverde.com.br\/wp-content\/uploads\/2024\/05\/lixo-verde-empresa-de-tratamento-de-residuos.png\" \/>\n\t<meta property=\"og:image:width\" content=\"1000\" \/>\n\t<meta property=\"og:image:height\" content=\"675\" \/>\n\t<meta property=\"og:image:type\" content=\"image\/png\" \/>\n<meta name=\"twitter:card\" content=\"summary_large_image\" \/>\n<meta name=\"twitter:label1\" content=\"Est. reading time\" \/>\n\t<meta name=\"twitter:data1\" content=\"1 minute\" \/>\n<script type=\"application\/ld+json\" class=\"yoast-schema-graph\">{\"@context\":\"https:\/\/schema.org\",\"@graph\":[{\"@type\":\"WebPage\",\"@id\":\"https:\/\/lixoverde.com.br\/contato\/\",\"url\":\"https:\/\/lixoverde.com.br\/contato\/\",\"name\":\"Contato - Lixo Verde\u00ae - Lixo Verde\",\"isPartOf\":{\"@id\":\"https:\/\/lixoverde.com.br\/#website\"},\"datePublished\":\"2024-04-26T18:35:26+00:00\",\"dateModified\":\"2025-11-14T17:03:37+00:00\",\"breadcrumb\":{\"@id\":\"https:\/\/lixoverde.com.br\/contato\/#breadcrumb\"},\"inLanguage\":\"en-US\",\"potentialAction\":[{\"@type\":\"ReadAction\",\"target\":[\"https:\/\/lixoverde.com.br\/contato\/\"]}]},{\"@type\":\"BreadcrumbList\",\"@id\":\"https:\/\/lixoverde.com.br\/contato\/#breadcrumb\",\"itemListElement\":[{\"@type\":\"ListItem\",\"position\":1,\"name\":\"In\u00edcio\",\"item\":\"https:\/\/lixoverde.com.br\/\"},{\"@type\":\"ListItem\",\"position\":2,\"name\":\"Contato &#8211; Lixo Verde\u00ae\"}]},{\"@type\":\"WebSite\",\"@id\":\"https:\/\/lixoverde.com.br\/#website\",\"url\":\"https:\/\/lixoverde.com.br\/\",\"name\":\"Lixo Verde | Tratamento de res\u00edduos, gera\u00e7\u00e3o de combust\u00edveis e energia el\u00e9trica renov\u00e1veis\",\"description\":\"Somos uma empresa brasileira especializada em novas tecnologias para o tratamento de res\u00edduos, gera\u00e7\u00e3o de combust\u00edveis e energia el\u00e9trica renov\u00e1veis.\",\"publisher\":{\"@id\":\"https:\/\/lixoverde.com.br\/#organization\"},\"alternateName\":\"Lixo Verde - Empresa de Tratamento de Res\u00edduos\",\"potentialAction\":[{\"@type\":\"SearchAction\",\"target\":{\"@type\":\"EntryPoint\",\"urlTemplate\":\"https:\/\/lixoverde.com.br\/?s={search_term_string}\"},\"query-input\":{\"@type\":\"PropertyValueSpecification\",\"valueRequired\":true,\"valueName\":\"search_term_string\"}}],\"inLanguage\":\"en-US\"},{\"@type\":\"Organization\",\"@id\":\"https:\/\/lixoverde.com.br\/#organization\",\"name\":\"Lixo Verde\",\"url\":\"https:\/\/lixoverde.com.br\/\",\"logo\":{\"@type\":\"ImageObject\",\"inLanguage\":\"en-US\",\"@id\":\"https:\/\/lixoverde.com.br\/#\/schema\/logo\/image\/\",\"url\":\"https:\/\/lixoverde.com.br\/wp-content\/uploads\/2024\/05\/logositeoficial.png\",\"contentUrl\":\"https:\/\/lixoverde.com.br\/wp-content\/uploads\/2024\/05\/logositeoficial.png\",\"width\":318,\"height\":92,\"caption\":\"Lixo Verde\"},\"image\":{\"@id\":\"https:\/\/lixoverde.com.br\/#\/schema\/logo\/image\/\"},\"sameAs\":[\"https:\/\/www.facebook.com\/www.lixoverde.com.br\",\"https:\/\/www.instagram.com\/lixoverde\/\",\"https:\/\/www.linkedin.com\/company\/lixo-verde\"]}]}<\/script>\n<!-- \/ Yoast SEO plugin. -->","yoast_head_json":{"title":"Contato - Lixo Verde\u00ae - Lixo Verde","robots":{"index":"index","follow":"follow","max-snippet":"max-snippet:-1","max-image-preview":"max-image-preview:large","max-video-preview":"max-video-preview:-1"},"canonical":"https:\/\/lixoverde.com.br\/en\/contato\/","og_locale":"en_US","og_type":"article","og_title":"Contato - Lixo Verde\u00ae - Lixo Verde","og_description":"Entre em contatocom a Lixo Verde\u00ae!A Lixo Verde\u00ae elabora projetos de valoriza\u00e7\u00e3o energ\u00e9tica de res\u00edduos, para o setor p\u00fablico e privado. Nossa solu\u00e7\u00e3o \u00e9 completa e personalizada. Lixo Verde\u00ae &#8211; Unidade Taubat\u00e9Rua Major Doutor Waldemar Furquim, 1243, Taubat\u00e9.\u2028S\u00e3o Paulo \u2013\u00a0CEP 12045-100, BrasilComo Chegar","og_url":"https:\/\/lixoverde.com.br\/en\/contato\/","og_site_name":"Lixo Verde","article_publisher":"https:\/\/www.facebook.com\/www.lixoverde.com.br","article_modified_time":"2025-11-14T17:03:37+00:00","og_image":[{"width":1000,"height":675,"url":"https:\/\/lixoverde.com.br\/wp-content\/uploads\/2024\/05\/lixo-verde-empresa-de-tratamento-de-residuos.png","type":"image\/png"}],"twitter_card":"summary_large_image","twitter_misc":{"Est. reading time":"1 minute"},"schema":{"@context":"https:\/\/schema.org","@graph":[{"@type":"WebPage","@id":"https:\/\/lixoverde.com.br\/contato\/","url":"https:\/\/lixoverde.com.br\/contato\/","name":"Contato - Lixo Verde\u00ae - Lixo Verde","isPartOf":{"@id":"https:\/\/lixoverde.com.br\/#website"},"datePublished":"2024-04-26T18:35:26+00:00","dateModified":"2025-11-14T17:03:37+00:00","breadcrumb":{"@id":"https:\/\/lixoverde.com.br\/contato\/#breadcrumb"},"inLanguage":"en-US","potentialAction":[{"@type":"ReadAction","target":["https:\/\/lixoverde.com.br\/contato\/"]}]},{"@type":"BreadcrumbList","@id":"https:\/\/lixoverde.com.br\/contato\/#breadcrumb","itemListElement":[{"@type":"ListItem","position":1,"name":"In\u00edcio","item":"https:\/\/lixoverde.com.br\/"},{"@type":"ListItem","position":2,"name":"Contato &#8211; Lixo Verde\u00ae"}]},{"@type":"WebSite","@id":"https:\/\/lixoverde.com.br\/#website","url":"https:\/\/lixoverde.com.br\/","name":"Lixo Verde | Tratamento de res\u00edduos, gera\u00e7\u00e3o de combust\u00edveis e energia el\u00e9trica renov\u00e1veis","description":"We are a Brazilian company specialized in new technologies for waste treatment, generation of renewable fuels and electrical energy.","publisher":{"@id":"https:\/\/lixoverde.com.br\/#organization"},"alternateName":"Lixo Verde - Empresa de Tratamento de Res\u00edduos","potentialAction":[{"@type":"SearchAction","target":{"@type":"EntryPoint","urlTemplate":"https:\/\/lixoverde.com.br\/?s={search_term_string}"},"query-input":{"@type":"PropertyValueSpecification","valueRequired":true,"valueName":"search_term_string"}}],"inLanguage":"en-US"},{"@type":"Organization","@id":"https:\/\/lixoverde.com.br\/#organization","name":"Lixo Verde","url":"https:\/\/lixoverde.com.br\/","logo":{"@type":"ImageObject","inLanguage":"en-US","@id":"https:\/\/lixoverde.com.br\/#\/schema\/logo\/image\/","url":"https:\/\/lixoverde.com.br\/wp-content\/uploads\/2024\/05\/logositeoficial.png","contentUrl":"https:\/\/lixoverde.com.br\/wp-content\/uploads\/2024\/05\/logositeoficial.png","width":318,"height":92,"caption":"Lixo Verde"},"image":{"@id":"https:\/\/lixoverde.com.br\/#\/schema\/logo\/image\/"},"sameAs":["https:\/\/www.facebook.com\/www.lixoverde.com.br","https:\/\/www.instagram.com\/lixoverde\/","https:\/\/www.linkedin.com\/company\/lixo-verde"]}]}},"_links":{"self":[{"href":"https:\/\/lixoverde.com.br\/en\/wp-json\/wp\/v2\/pages\/183","targetHints":{"allow":["GET"]}}],"collection":[{"href":"https:\/\/lixoverde.com.br\/en\/wp-json\/wp\/v2\/pages"}],"about":[{"href":"https:\/\/lixoverde.com.br\/en\/wp-json\/wp\/v2\/types\/page"}],"author":[{"embeddable":true,"href":"https:\/\/lixoverde.com.br\/en\/wp-json\/wp\/v2\/users\/1"}],"replies":[{"embeddable":true,"href":"https:\/\/lixoverde.com.br\/en\/wp-json\/wp\/v2\/comments?post=183"}],"version-history":[{"count":50,"href":"https:\/\/lixoverde.com.br\/en\/wp-json\/wp\/v2\/pages\/183\/revisions"}],"predecessor-version":[{"id":3795,"href":"https:\/\/lixoverde.com.br\/en\/wp-json\/wp\/v2\/pages\/183\/revisions\/3795"}],"wp:attachment":[{"href":"https:\/\/lixoverde.com.br\/en\/wp-json\/wp\/v2\/media?parent=183"}],"curies":[{"name":"wp","href":"https:\/\/api.w.org\/{rel}","templated":true}]}}